{"id":9862,"date":"2022-11-14T11:45:27","date_gmt":"2022-11-14T08:45:27","guid":{"rendered":"https:\/\/www.kanatliekipmanlari.com\/urun\/kedi-kopek-su-kabi-3-lt\/"},"modified":"2022-11-16T10:57:39","modified_gmt":"2022-11-16T07:57:39","slug":"3-lt-waterer-for-cats-and-dogs","status":"publish","type":"product","link":"https:\/\/www.kanatliekipmanlari.com\/en\/product\/3-lt-waterer-for-cats-and-dogs\/","title":{"rendered":"3 LT WATERER FOR CATS AND DOGS"},"content":{"rendered":"<section class=\"wpb-content-wrapper\"><p>[vc_row][vc_column css=&#8221;.vc_custom_1493038156710{margin-bottom: -15px !important;}&#8221;]\n\t\t<div id=\"wd-637497080d81f\" class=\"title-wrapper wd-wpb set-mb-s reset-last-child  wd-rs-637497080d81f wd-title-color-default wd-title-style-default text-left  wd-underline-colored\">\n\t\t\t\n\t\t\t<div class=\"liner-continer\">\n\t\t\t\t<h4 class=\"woodmart-title-container title  wd-font-weight- wd-fontsize-m\" >PRODUCT INFORMATION<\/h4>\n\t\t\t\t\t\t\t<\/div>\n\t\t\t\n\t\t\t\n\t\t\t\n\t\t<\/div>\n\t\t\n\t\t[\/vc_column][\/vc_row][vc_row content_placement=&#8221;top&#8221;][vc_column offset=&#8221;vc_col-md-6&#8243;]\t\t<div id=\"wd-6374971c61881\" class=\"wd-text-block wd-wpb reset-last-child wd-rs-6374971c61881 text-left \">\n\t\t\t<p><strong>Waterer for cats and dogs.<\/strong><\/p>\n<p><strong>3 lt bottle capacity.<\/strong><\/p>\n\t\t<\/div>\n\t\t[\/vc_column][vc_column offset=&#8221;vc_col-md-6&#8243;][vc_column_text woodmart_inline=&#8221;no&#8221; text_larger=&#8221;no&#8221;]<img decoding=\"async\" class=\"alignnone size-full wp-image-9556\" src=\"https:\/\/www.kanatliekipmanlari.com\/yeni\/wp-content\/uploads\/2022\/10\/kedi-3.jpg\" alt=\"\" width=\"250\" height=\"250\" \/>[\/vc_column_text][\/vc_column][\/vc_row]<\/p>\n<\/section>","protected":false},"excerpt":{"rendered":"<p><strong>Kedi ve k\u00f6pekler i\u00e7in \u00f6zel olarak \u00fcretilmi\u015ftir.<\/strong><\/p>\n","protected":false},"featured_media":9799,"comment_status":"closed","ping_status":"closed","template":"","meta":[],"product_cat":[132],"product_tag":[],"_links":{"self":[{"href":"https:\/\/www.kanatliekipmanlari.com\/en\/wp-json\/wp\/v3\/product\/9862"}],"collection":[{"href":"https:\/\/www.kanatliekipmanlari.com\/en\/wp-json\/wp\/v3\/product"}],"about":[{"href":"https:\/\/www.kanatliekipmanlari.com\/en\/wp-json\/wp\/v2\/types\/product"}],"replies":[{"embeddable":true,"href":"https:\/\/www.kanatliekipmanlari.com\/en\/wp-json\/wp\/v2\/comments?post=9862"}],"wp:featuredmedia":[{"embeddable":true,"href":"https:\/\/www.kanatliekipmanlari.com\/en\/wp-json\/wp\/v2\/media\/9799"}],"wp:attachment":[{"href":"https:\/\/www.kanatliekipmanlari.com\/en\/wp-json\/wp\/v2\/media?parent=9862"}],"wp:term":[{"taxonomy":"product_cat","embeddable":true,"href":"https:\/\/www.kanatliekipmanlari.com\/en\/wp-json\/wp\/v2\/product_cat?post=9862"},{"taxonomy":"product_tag","embeddable":true,"href":"https:\/\/www.kanatliekipmanlari.com\/en\/wp-json\/wp\/v2\/product_tag?post=9862"}],"curies":[{"name":"wp","href":"https:\/\/api.w.org\/{rel}","templated":true}]}}