{"id":9874,"date":"2022-11-16T11:33:13","date_gmt":"2022-11-16T08:33:13","guid":{"rendered":"https:\/\/www.kanatliekipmanlari.com\/?post_type=product&#038;p=9874\/"},"modified":"2022-11-16T11:33:13","modified_gmt":"2022-11-16T08:33:13","slug":"roll-away-nesting-box-6-department","status":"publish","type":"product","link":"https:\/\/www.kanatliekipmanlari.com\/en\/product\/roll-away-nesting-box-6-department\/","title":{"rendered":"ROLL AWAY NESTING BOX (6 DEPARTMENT)"},"content":{"rendered":"<section class=\"wpb-content-wrapper\"><p>[vc_row][vc_column css=&#8221;.vc_custom_1493038156710{margin-bottom: -15px !important;}&#8221;]\n\t\t<div id=\"wd-63749ec810a64\" class=\"title-wrapper wd-wpb set-mb-s reset-last-child  wd-rs-63749ec810a64 wd-title-color-default wd-title-style-default text-left  wd-underline-colored\">\n\t\t\t\n\t\t\t<div class=\"liner-continer\">\n\t\t\t\t<h4 class=\"woodmart-title-container title  wd-font-weight- wd-fontsize-m\" >PRODUCT INFORMATION<\/h4>\n\t\t\t\t\t\t\t<\/div>\n\t\t\t\n\t\t\t\n\t\t\t\n\t\t<\/div>\n\t\t\n\t\t[\/vc_column][\/vc_row][vc_row content_placement=&#8221;top&#8221;][vc_column offset=&#8221;vc_col-md-6&#8243;]\t\t<div id=\"wd-63749fccc6ca0\" class=\"wd-text-block wd-wpb reset-last-child wd-rs-63749fccc6ca0 text-left \">\n\t\t\t<p><strong>It\u2019s been designed for chickens.<\/strong><\/p>\n<p><strong>Product dimensions: 94 cm x 55 cm x 90 cm<\/strong><\/p>\n\t\t<\/div>\n\t\t[\/vc_column][vc_column offset=&#8221;vc_col-md-6&#8243;][vc_column_text woodmart_inline=&#8221;no&#8221; text_larger=&#8221;no&#8221;]<img decoding=\"async\" class=\"alignnone size-full wp-image-9421\" src=\"https:\/\/www.kanatliekipmanlari.com\/yeni\/wp-content\/uploads\/2022\/10\/folluk.jpg\" alt=\"Beylikd\u00fcz\u00fc-Organize-Sanayi-B\u00f6lgesi-Hurda-Al\u0131m\u0131\" width=\"250\" height=\"250\" \/>[\/vc_column_text][\/vc_column][\/vc_row]<\/p>\n<\/section>","protected":false},"excerpt":{"rendered":"<p>[vc_row][vc_column css=&#8221;.vc_custom_1493038156710{margin-bottom: -15px !important;}&#8221;][\/vc_column][\/vc_row][vc_row content_placement=&#8221;top&#8221;][vc_column offset=&#8221;vc_col-md-6&#8243;][\/vc_column][vc_column offset=&#8221;vc_col-md-6&#8243;][vc_column_text woodmart_inline=&#8221;no&#8221; text_larger=&#8221;no&#8221;][\/vc_column_text][\/vc_column][\/vc_row]<\/p>\n","protected":false},"featured_media":9638,"comment_status":"closed","ping_status":"closed","template":"","meta":[],"product_cat":[137],"product_tag":[],"_links":{"self":[{"href":"https:\/\/www.kanatliekipmanlari.com\/en\/wp-json\/wp\/v3\/product\/9874"}],"collection":[{"href":"https:\/\/www.kanatliekipmanlari.com\/en\/wp-json\/wp\/v3\/product"}],"about":[{"href":"https:\/\/www.kanatliekipmanlari.com\/en\/wp-json\/wp\/v2\/types\/product"}],"replies":[{"embeddable":true,"href":"https:\/\/www.kanatliekipmanlari.com\/en\/wp-json\/wp\/v2\/comments?post=9874"}],"wp:featuredmedia":[{"embeddable":true,"href":"https:\/\/www.kanatliekipmanlari.com\/en\/wp-json\/wp\/v2\/media\/9638"}],"wp:attachment":[{"href":"https:\/\/www.kanatliekipmanlari.com\/en\/wp-json\/wp\/v2\/media?parent=9874"}],"wp:term":[{"taxonomy":"product_cat","embeddable":true,"href":"https:\/\/www.kanatliekipmanlari.com\/en\/wp-json\/wp\/v2\/product_cat?post=9874"},{"taxonomy":"product_tag","embeddable":true,"href":"https:\/\/www.kanatliekipmanlari.com\/en\/wp-json\/wp\/v2\/product_tag?post=9874"}],"curies":[{"name":"wp","href":"https:\/\/api.w.org\/{rel}","templated":true}]}}